{"id":64,"date":"2024-02-07T13:58:51","date_gmt":"2024-02-07T12:58:51","guid":{"rendered":"http:\/\/magma-paysages.fr\/?page_id=64"},"modified":"2024-10-28T15:28:07","modified_gmt":"2024-10-28T14:28:07","slug":"demarche","status":"publish","type":"page","link":"https:\/\/magma-paysages.fr\/index.php\/demarche\/","title":{"rendered":"D\u00e9marche"},"content":{"rendered":"\n<div class=\"wp-block-group alignfull has-background has-global-padding is-layout-constrained wp-container-core-group-is-layout-669513ed wp-block-group-is-layout-constrained\" style=\"background-color:#dbe1e1;margin-top:0;margin-bottom:0;padding-top:var(--wp--preset--spacing--50);padding-right:var(--wp--preset--spacing--50);padding-bottom:var(--wp--preset--spacing--50);padding-left:var(--wp--preset--spacing--50)\">\n<div class=\"wp-block-columns alignwide is-layout-flex wp-container-core-columns-is-layout-1da03c2a wp-block-columns-is-layout-flex\">\n<div class=\"wp-block-column is-vertically-aligned-stretch is-layout-flow wp-block-column-is-layout-flow\" style=\"flex-basis:50%\">\n<div class=\"wp-block-group is-vertical is-content-justification-center is-layout-flex wp-container-core-group-is-layout-b6c228df wp-block-group-is-layout-flex\" style=\"min-height:100%\">\n<p><strong><em>La ville contemporaine se transforme, se densifie, s\u2019intensifie avec la n\u00e9cessit\u00e9 imp\u00e9rieuse d\u2019op\u00e9rer une transition environnementale profonde. Le paysage assure un r\u00f4le majeur dans cette d\u00e9marche, en accompagnant ces mutations vers un renforcement des interactions entre architecture et nature, entre paysage et urbanit\u00e9<\/em>.<\/strong><\/p>\n\n\n\n<p><strong>magma<\/strong> est un atelier de paysage et d\u2019urbanisme implant\u00e9 sur les hauteurs de Chamb\u00e9ry qui s\u2019appuie sur plus de 15 ans d\u2019exp\u00e9rience dans le pilotage d\u2019\u00e9tudes et la conception de projets de paysage d\u2019une grande diversit\u00e9.<\/p>\n\n\n\n<p>Int\u00e9gr\u00e9 \u00e0 la Coop\u00e9rative d&rsquo;Activit\u00e9 <a href=\"https:\/\/www.natura-scop.org\/\" target=\"_blank\" rel=\"noreferrer noopener\"><strong>NATURA<\/strong> Scop<\/a>, <strong>magma<\/strong> fait partie d&rsquo;un r\u00e9seau d&rsquo;entrepreneurs qui partagent les valeurs de l&rsquo;\u00e9conomie sociale et solidaire et qui s&rsquo;engagent pour un d\u00e9veloppement durable et local.<\/p>\n<\/div>\n<\/div>\n\n\n\n<div class=\"wp-block-column is-vertically-aligned-center is-layout-flow wp-block-column-is-layout-flow\" style=\"flex-basis:50%\">\n<figure class=\"wp-block-image aligncenter is-resized is-style-rounded is-style-rounded--1\"><img loading=\"lazy\" decoding=\"async\" width=\"1024\" height=\"842\" src=\"http:\/\/magma-paysages.fr\/wp-content\/uploads\/2024\/02\/Landiers-Rendu-final_Synthese-1024x842.png\" alt=\"\" class=\"wp-image-66\" style=\"width:523px;height:auto\" srcset=\"https:\/\/magma-paysages.fr\/wp-content\/uploads\/2024\/02\/Landiers-Rendu-final_Synthese-1024x842.png 1024w, https:\/\/magma-paysages.fr\/wp-content\/uploads\/2024\/02\/Landiers-Rendu-final_Synthese-300x247.png 300w, https:\/\/magma-paysages.fr\/wp-content\/uploads\/2024\/02\/Landiers-Rendu-final_Synthese-768x631.png 768w, https:\/\/magma-paysages.fr\/wp-content\/uploads\/2024\/02\/Landiers-Rendu-final_Synthese.png 1507w\" sizes=\"auto, (max-width: 1024px) 100vw, 1024px\" \/><figcaption class=\"wp-element-caption\">Requalification de la zone des Landiers Chamb\u00e9ry (73) <br>\u00a9 Patriarche &#8211; 2020<\/figcaption><\/figure>\n<\/div>\n<\/div>\n<\/div>\n\n\n\n<div class=\"wp-block-group alignfull has-background has-global-padding is-layout-constrained wp-container-core-group-is-layout-669513ed wp-block-group-is-layout-constrained\" style=\"background-color:#c4d1d1;margin-top:0;margin-bottom:0;padding-top:var(--wp--preset--spacing--50);padding-right:var(--wp--preset--spacing--50);padding-bottom:var(--wp--preset--spacing--50);padding-left:var(--wp--preset--spacing--50)\">\n<div class=\"wp-block-columns alignwide is-layout-flex wp-container-core-columns-is-layout-1da03c2a wp-block-columns-is-layout-flex\">\n<div class=\"wp-block-column is-vertically-aligned-center is-layout-flow wp-block-column-is-layout-flow\" style=\"flex-basis:50%\">\n<figure class=\"wp-block-image aligncenter size-large is-resized is-style-rounded is-style-rounded--2\"><img loading=\"lazy\" decoding=\"async\" width=\"968\" height=\"1291\" src=\"http:\/\/magma-paysages.fr\/wp-content\/uploads\/2024\/02\/XTO-ARCHITECTES_9149_\u00a9_Studio_Erick_Saillet-1-edited.jpg\" alt=\"\" class=\"wp-image-81\" style=\"width:418px;height:auto\" srcset=\"https:\/\/magma-paysages.fr\/wp-content\/uploads\/2024\/02\/XTO-ARCHITECTES_9149_\u00a9_Studio_Erick_Saillet-1-edited.jpg 968w, https:\/\/magma-paysages.fr\/wp-content\/uploads\/2024\/02\/XTO-ARCHITECTES_9149_\u00a9_Studio_Erick_Saillet-1-edited-225x300.jpg 225w, https:\/\/magma-paysages.fr\/wp-content\/uploads\/2024\/02\/XTO-ARCHITECTES_9149_\u00a9_Studio_Erick_Saillet-1-edited-768x1024.jpg 768w\" sizes=\"auto, (max-width: 968px) 100vw, 968px\" \/><figcaption class=\"wp-element-caption\">Restaurant universitaire Lyon Sud (69) &#8211; \u00a9 Allimant paysages &#8211; 2016<\/figcaption><\/figure>\n<\/div>\n\n\n\n<div class=\"wp-block-column is-vertically-aligned-stretch is-layout-flow wp-block-column-is-layout-flow\" style=\"flex-basis:50%\">\n<div class=\"wp-block-group is-vertical is-content-justification-stretch is-layout-flex wp-container-core-group-is-layout-444d5ee8 wp-block-group-is-layout-flex\" style=\"min-height:100%\">\n<p>Milieux naturels, espaces ruraux ou urbains, petite ou grande \u00e9chelle, conseil, \u00e9tudes pr\u00e9-op\u00e9rationnelles ou ma\u00eetrise d\u2019\u0153uvre, <strong>magma<\/strong> apporte son exp\u00e9rience au service de la fabrication d\u2019espaces vivants et vecteurs de sens en r\u00e9v\u00e9lant les ressources de chaque site. <\/p>\n\n\n\n<p><strong>magma<\/strong> con\u00e7oit le projet comme une opportunit\u00e9 de promouvoir le vivre ensemble et de mettre en relation l\u2019Homme et la nature. De l\u2019\u00e9chelle du territoire \u00e0 l\u2019\u00e9chelle de l\u2019\u00eelot, <strong>magma<\/strong> propose une approche fond\u00e9e sur trois piliers : la valorisation du contexte, une empreinte \u00e9cologique minimis\u00e9e et une haute valeur d\u2019usage.<\/p>\n\n\n\n<p><strong>magma<\/strong> s\u2019appuie sur une collaboration \u00e9troite avec des partenaires architectes, urbanistes, ing\u00e9nieurs, \u00e9cologues, hydrog\u00e9ologues, agronomes, p\u00e9pini\u00e8res, entreprises de paysage, pour explorer un champ d\u2019exp\u00e9rimentation tr\u00e8s large et int\u00e9grer les enjeux environnementaux. A travers l&rsquo;int\u00e9gration du v\u00e9g\u00e9tal et de la biodiversit\u00e9, la gestion in-situ des eaux pluviales, la sobri\u00e9t\u00e9 \u00e9nerg\u00e9tique, l\u2019\u00e9conomie des ressources, l\u2019ambition premi\u00e8re est de construire un cadre de vie confortable, qualitatif et vertueux.<\/p>\n<\/div>\n<\/div>\n<\/div>\n<\/div>\n","protected":false},"excerpt":{"rendered":"<p>La ville contemporaine se transforme, se densifie, s\u2019intensifie avec la n\u00e9cessit\u00e9 imp\u00e9rieuse d\u2019op\u00e9rer une transition environnementale profonde. Le paysage assure un r\u00f4le majeur dans cette d\u00e9marche, en accompagnant ces mutations vers un renforcement des interactions entre architecture et nature, entre paysage et urbanit\u00e9. magma est un atelier de paysage et d\u2019urbanisme implant\u00e9 sur les hauteurs [&hellip;]<\/p>\n","protected":false},"author":1,"featured_media":0,"parent":0,"menu_order":0,"comment_status":"closed","ping_status":"closed","template":"","meta":{"footnotes":""},"class_list":["post-64","page","type-page","status-publish","hentry"],"_links":{"self":[{"href":"https:\/\/magma-paysages.fr\/index.php\/wp-json\/wp\/v2\/pages\/64","targetHints":{"allow":["GET"]}}],"collection":[{"href":"https:\/\/magma-paysages.fr\/index.php\/wp-json\/wp\/v2\/pages"}],"about":[{"href":"https:\/\/magma-paysages.fr\/index.php\/wp-json\/wp\/v2\/types\/page"}],"author":[{"embeddable":true,"href":"https:\/\/magma-paysages.fr\/index.php\/wp-json\/wp\/v2\/users\/1"}],"replies":[{"embeddable":true,"href":"https:\/\/magma-paysages.fr\/index.php\/wp-json\/wp\/v2\/comments?post=64"}],"version-history":[{"count":6,"href":"https:\/\/magma-paysages.fr\/index.php\/wp-json\/wp\/v2\/pages\/64\/revisions"}],"predecessor-version":[{"id":317,"href":"https:\/\/magma-paysages.fr\/index.php\/wp-json\/wp\/v2\/pages\/64\/revisions\/317"}],"wp:attachment":[{"href":"https:\/\/magma-paysages.fr\/index.php\/wp-json\/wp\/v2\/media?parent=64"}],"curies":[{"name":"wp","href":"https:\/\/api.w.org\/{rel}","templated":true}]}}